{"id":111,"date":"2016-03-19T19:22:26","date_gmt":"2016-03-19T19:22:26","guid":{"rendered":"http:\/\/delsudeste.com\/?page_id=111"},"modified":"2016-03-20T11:07:49","modified_gmt":"2016-03-20T11:07:49","slug":"tarifas","status":"publish","type":"page","link":"https:\/\/delsudeste.com\/?page_id=111","title":{"rendered":"TARIFAS"},"content":{"rendered":"<p>&nbsp;<\/p>\n<p><img loading=\"lazy\" decoding=\"async\" class=\"alignnone wp-image-115\" src=\"http:\/\/delsudeste.com\/wp-content\/uploads\/2016\/03\/IMG_0292-300x225.jpg\" alt=\"IMG_0292\" width=\"520\" height=\"390\" srcset=\"https:\/\/delsudeste.com\/wp-content\/uploads\/2016\/03\/IMG_0292-300x225.jpg 300w, https:\/\/delsudeste.com\/wp-content\/uploads\/2016\/03\/IMG_0292-768x576.jpg 768w, https:\/\/delsudeste.com\/wp-content\/uploads\/2016\/03\/IMG_0292-1024x768.jpg 1024w, https:\/\/delsudeste.com\/wp-content\/uploads\/2016\/03\/IMG_0292-200x150.jpg 200w, https:\/\/delsudeste.com\/wp-content\/uploads\/2016\/03\/IMG_0292-150x113.jpg 150w\" sizes=\"auto, (max-width: 520px) 100vw, 520px\" \/><\/p>\n<p>&nbsp;<\/p>\n<p>Jornada completa de 8 horas: 180\u20ac<\/p>\n<p>Media jornada de 4 horas: 100\u20ac<\/p>\n<p>Hora suelta (m\u00ednimo 2 horas): 30\u20ac<\/p>\n<p>Descuentos especiales en producciones de m\u00e1s de 40 horas<\/p>\n<p>Cons\u00faltanos precios de Producciones Musicales Integrales con m\u00fasicos, arreglos, mezcla y masterizaci\u00f3n.<\/p>\n","protected":false},"excerpt":{"rendered":"<p>&nbsp; &nbsp; Jornada completa de 8 horas: 180\u20ac Media jornada de 4 horas: 100\u20ac Hora suelta (m\u00ednimo 2 horas): 30\u20ac Descuentos especiales en producciones de m\u00e1s de 40 horas Cons\u00faltanos precios de Producciones Musicales Integrales con m\u00fasicos, arreglos, mezcla y masterizaci\u00f3n. <a class=\"continue-reading-link\" href=\"https:\/\/delsudeste.com\/?page_id=111\"> Continue reading<\/a><\/p>\n","protected":false},"author":1,"featured_media":0,"parent":0,"menu_order":0,"comment_status":"closed","ping_status":"closed","template":"templates\/template-onecolumn.php","meta":{"footnotes":""},"class_list":["post-111","page","type-page","status-publish","hentry"],"_links":{"self":[{"href":"https:\/\/delsudeste.com\/index.php?rest_route=\/wp\/v2\/pages\/111","targetHints":{"allow":["GET"]}}],"collection":[{"href":"https:\/\/delsudeste.com\/index.php?rest_route=\/wp\/v2\/pages"}],"about":[{"href":"https:\/\/delsudeste.com\/index.php?rest_route=\/wp\/v2\/types\/page"}],"author":[{"embeddable":true,"href":"https:\/\/delsudeste.com\/index.php?rest_route=\/wp\/v2\/users\/1"}],"replies":[{"embeddable":true,"href":"https:\/\/delsudeste.com\/index.php?rest_route=%2Fwp%2Fv2%2Fcomments&post=111"}],"version-history":[{"count":7,"href":"https:\/\/delsudeste.com\/index.php?rest_route=\/wp\/v2\/pages\/111\/revisions"}],"predecessor-version":[{"id":184,"href":"https:\/\/delsudeste.com\/index.php?rest_route=\/wp\/v2\/pages\/111\/revisions\/184"}],"wp:attachment":[{"href":"https:\/\/delsudeste.com\/index.php?rest_route=%2Fwp%2Fv2%2Fmedia&parent=111"}],"curies":[{"name":"wp","href":"https:\/\/api.w.org\/{rel}","templated":true}]}}